{"id":6,"date":"2024-11-19T16:10:39","date_gmt":"2024-11-19T16:10:39","guid":{"rendered":"https:\/\/habitatcreateur.ch\/?page_id=6"},"modified":"2025-10-06T09:24:10","modified_gmt":"2025-10-06T09:24:10","slug":"jean-baptiste-gros-tabussiat","status":"publish","type":"page","link":"https:\/\/spiral-habitat.ch\/","title":{"rendered":"Pr\u00e9sentation"},"content":{"rendered":"\n<div style=\"display: flex; justify-content: center;\">\n    <video autoplay=\"\" muted=\"\" loop=\"\" controls=\"\" style=\"width: 60%; height: auto;\">\n        <source src=\"https:\/\/spiral-habitat.ch\/wp-content\/uploads\/2025\/02\/Spiral-Habitat-Demo-FHD-1080p.mp4\" type=\"video\/mp4\">\n        Your browser does not support the video tag.\n    <\/video>\n<\/div>\n\n\n\n<div style=\"height:45px\" aria-hidden=\"true\" class=\"wp-block-spacer\"><\/div>\n\n\n\n<h3 class=\"wp-block-heading\"><strong>DES CONSTRUCTIONS INSOLITES DE QUALIT\u00c9<\/strong><\/h3>\n\n\n\n<div style=\"height:8px\" aria-hidden=\"true\" class=\"wp-block-spacer\"><\/div>\n\n\n\n<p class=\"has-black-color has-text-color\"><strong>SPIRAL HABITAT<\/strong> est une entreprise suisse sp\u00e9cialis\u00e9e dans la conception et la construction d&#8217;habitats insolites, d&#8217;h\u00e9bergements et de mobilier d&#8217;ext\u00e9rieur.<br>Bas\u00e9e \u00e0 proximit\u00e9 d&#8217;Oron, dans le canton de Vaud, notre entreprise allie savoir-faire artisanal et cr\u00e9ativit\u00e9 pour proposer des solutions uniques adapt\u00e9es aux besoins de nos clients.<\/p>\n\n\n\n<p class=\"has-black-color has-text-color\">Nous concevons et construisons des habitats insolites, id\u00e9aux pour toutes les saisons, offrant confort et immersion dans la nature. Que vous souhaitiez cr\u00e9er un espace d&#8217;h\u00e9bergement touristique ou un lieu de vie personnalis\u00e9, nos structures sont pens\u00e9es pour s\u2019int\u00e9grer harmonieusement dans leur environnement. En plus de nos habitats, nous fabriquons \u00e9galement du mobilier d&#8217;ext\u00e9rieur robuste et esth\u00e9tique, parfait pour sublimer vos espaces ext\u00e9rieurs.<\/p>\n\n\n\n<p class=\"has-black-color has-text-color\">Certaines de nos r\u00e9alisations ont \u00e9t\u00e9 faites en partenariat avec l&#8217;entreprise Habitat Cr\u00e9ation, fond\u00e9e par Lo\u00efc Ch\u00e9rigie.<\/p>\n\n\n\n<p class=\"has-black-color has-text-color\">Chez SPIRAL HABITAT, nous valorisons l&#8217;innovation, la qualit\u00e9 et le respect de l\u2019environnement, en privil\u00e9giant des mat\u00e9riaux locaux durables et des m\u00e9thodes de construction \u00e9coresponsables. Que vous soyez un professionnel du tourisme ou un particulier en qu\u00eate d&#8217;un projet unique, nous mettons notre expertise \u00e0 votre service pour concr\u00e9tiser vos id\u00e9es les plus originales.<\/p>\n","protected":false},"excerpt":{"rendered":"<p>Your browser does not support the video tag. DES CONSTRUCTIONS INSOLITES DE QUALIT\u00c9 SPIRAL HABITAT est une entreprise suisse sp\u00e9cialis\u00e9e dans la conception et la construction d&#8217;habitats insolites, d&#8217;h\u00e9bergements et &#8230;<\/p>\n","protected":false},"author":1,"featured_media":0,"parent":0,"menu_order":0,"comment_status":"closed","ping_status":"closed","template":"","meta":{"footnotes":""},"class_list":["post-6","page","type-page","status-publish","hentry"],"yoast_head":"<!-- This site is optimized with the Yoast SEO plugin v26.8 - https:\/\/yoast.com\/product\/yoast-seo-wordpress\/ -->\n<title>Pr\u00e9sentation - Spiral Habitat<\/title>\n<meta name=\"description\" content=\"cr\u00e9ations bois \/ artisanales \/ savoir-faire\" \/>\n<meta name=\"robots\" content=\"index, follow, max-snippet:-1, max-image-preview:large, max-video-preview:-1\" \/>\n<link rel=\"canonical\" href=\"https:\/\/spiral-habitat.ch\/\" \/>\n<meta property=\"og:locale\" content=\"en_US\" \/>\n<meta property=\"og:type\" content=\"article\" \/>\n<meta property=\"og:title\" content=\"Pr\u00e9sentation - Spiral Habitat\" \/>\n<meta property=\"og:description\" content=\"cr\u00e9ations bois \/ artisanales \/ savoir-faire\" \/>\n<meta property=\"og:url\" content=\"https:\/\/spiral-habitat.ch\/\" \/>\n<meta property=\"og:site_name\" content=\"Spiral Habitat\" \/>\n<meta property=\"article:modified_time\" content=\"2025-10-06T09:24:10+00:00\" \/>\n<meta name=\"twitter:card\" content=\"summary_large_image\" \/>\n<meta name=\"twitter:label1\" content=\"Est. reading time\" \/>\n\t<meta name=\"twitter:data1\" content=\"1 minute\" \/>\n<script type=\"application\/ld+json\" class=\"yoast-schema-graph\">{\"@context\":\"https:\/\/schema.org\",\"@graph\":[{\"@type\":\"WebPage\",\"@id\":\"https:\/\/spiral-habitat.ch\/\",\"url\":\"https:\/\/spiral-habitat.ch\/\",\"name\":\"Pr\u00e9sentation - Spiral Habitat\",\"isPartOf\":{\"@id\":\"https:\/\/spiral-habitat.ch\/#website\"},\"datePublished\":\"2024-11-19T16:10:39+00:00\",\"dateModified\":\"2025-10-06T09:24:10+00:00\",\"description\":\"cr\u00e9ations bois \/ artisanales \/ savoir-faire\",\"breadcrumb\":{\"@id\":\"https:\/\/spiral-habitat.ch\/#breadcrumb\"},\"inLanguage\":\"en-US\",\"potentialAction\":[{\"@type\":\"ReadAction\",\"target\":[\"https:\/\/spiral-habitat.ch\/\"]}]},{\"@type\":\"BreadcrumbList\",\"@id\":\"https:\/\/spiral-habitat.ch\/#breadcrumb\",\"itemListElement\":[{\"@type\":\"ListItem\",\"position\":1,\"name\":\"Home\",\"item\":\"https:\/\/spiral-habitat.ch\/\"},{\"@type\":\"ListItem\",\"position\":2,\"name\":\"Pr\u00e9sentation\"}]},{\"@type\":\"WebSite\",\"@id\":\"https:\/\/spiral-habitat.ch\/#website\",\"url\":\"https:\/\/spiral-habitat.ch\/\",\"name\":\"Spiral Habitat\",\"description\":\"\",\"publisher\":{\"@id\":\"https:\/\/spiral-habitat.ch\/#organization\"},\"potentialAction\":[{\"@type\":\"SearchAction\",\"target\":{\"@type\":\"EntryPoint\",\"urlTemplate\":\"https:\/\/spiral-habitat.ch\/?s={search_term_string}\"},\"query-input\":{\"@type\":\"PropertyValueSpecification\",\"valueRequired\":true,\"valueName\":\"search_term_string\"}}],\"inLanguage\":\"en-US\"},{\"@type\":\"Organization\",\"@id\":\"https:\/\/spiral-habitat.ch\/#organization\",\"name\":\"Spiral Habitat\",\"url\":\"https:\/\/spiral-habitat.ch\/\",\"logo\":{\"@type\":\"ImageObject\",\"inLanguage\":\"en-US\",\"@id\":\"https:\/\/spiral-habitat.ch\/#\/schema\/logo\/image\/\",\"url\":\"https:\/\/spiral-habitat.ch\/wp-content\/uploads\/2025\/02\/cropped-cropped-Logo-Spiral-Habitat-Horizontal-3.png\",\"contentUrl\":\"https:\/\/spiral-habitat.ch\/wp-content\/uploads\/2025\/02\/cropped-cropped-Logo-Spiral-Habitat-Horizontal-3.png\",\"width\":1563,\"height\":275,\"caption\":\"Spiral Habitat\"},\"image\":{\"@id\":\"https:\/\/spiral-habitat.ch\/#\/schema\/logo\/image\/\"}}]}<\/script>\n<!-- \/ Yoast SEO plugin. -->","yoast_head_json":{"title":"Pr\u00e9sentation - Spiral Habitat","description":"cr\u00e9ations bois \/ artisanales \/ savoir-faire","robots":{"index":"index","follow":"follow","max-snippet":"max-snippet:-1","max-image-preview":"max-image-preview:large","max-video-preview":"max-video-preview:-1"},"canonical":"https:\/\/spiral-habitat.ch\/","og_locale":"en_US","og_type":"article","og_title":"Pr\u00e9sentation - Spiral Habitat","og_description":"cr\u00e9ations bois \/ artisanales \/ savoir-faire","og_url":"https:\/\/spiral-habitat.ch\/","og_site_name":"Spiral Habitat","article_modified_time":"2025-10-06T09:24:10+00:00","twitter_card":"summary_large_image","twitter_misc":{"Est. reading time":"1 minute"},"schema":{"@context":"https:\/\/schema.org","@graph":[{"@type":"WebPage","@id":"https:\/\/spiral-habitat.ch\/","url":"https:\/\/spiral-habitat.ch\/","name":"Pr\u00e9sentation - Spiral Habitat","isPartOf":{"@id":"https:\/\/spiral-habitat.ch\/#website"},"datePublished":"2024-11-19T16:10:39+00:00","dateModified":"2025-10-06T09:24:10+00:00","description":"cr\u00e9ations bois \/ artisanales \/ savoir-faire","breadcrumb":{"@id":"https:\/\/spiral-habitat.ch\/#breadcrumb"},"inLanguage":"en-US","potentialAction":[{"@type":"ReadAction","target":["https:\/\/spiral-habitat.ch\/"]}]},{"@type":"BreadcrumbList","@id":"https:\/\/spiral-habitat.ch\/#breadcrumb","itemListElement":[{"@type":"ListItem","position":1,"name":"Home","item":"https:\/\/spiral-habitat.ch\/"},{"@type":"ListItem","position":2,"name":"Pr\u00e9sentation"}]},{"@type":"WebSite","@id":"https:\/\/spiral-habitat.ch\/#website","url":"https:\/\/spiral-habitat.ch\/","name":"Spiral Habitat","description":"","publisher":{"@id":"https:\/\/spiral-habitat.ch\/#organization"},"potentialAction":[{"@type":"SearchAction","target":{"@type":"EntryPoint","urlTemplate":"https:\/\/spiral-habitat.ch\/?s={search_term_string}"},"query-input":{"@type":"PropertyValueSpecification","valueRequired":true,"valueName":"search_term_string"}}],"inLanguage":"en-US"},{"@type":"Organization","@id":"https:\/\/spiral-habitat.ch\/#organization","name":"Spiral Habitat","url":"https:\/\/spiral-habitat.ch\/","logo":{"@type":"ImageObject","inLanguage":"en-US","@id":"https:\/\/spiral-habitat.ch\/#\/schema\/logo\/image\/","url":"https:\/\/spiral-habitat.ch\/wp-content\/uploads\/2025\/02\/cropped-cropped-Logo-Spiral-Habitat-Horizontal-3.png","contentUrl":"https:\/\/spiral-habitat.ch\/wp-content\/uploads\/2025\/02\/cropped-cropped-Logo-Spiral-Habitat-Horizontal-3.png","width":1563,"height":275,"caption":"Spiral Habitat"},"image":{"@id":"https:\/\/spiral-habitat.ch\/#\/schema\/logo\/image\/"}}]}},"_links":{"self":[{"href":"https:\/\/spiral-habitat.ch\/index.php?rest_route=\/wp\/v2\/pages\/6","targetHints":{"allow":["GET"]}}],"collection":[{"href":"https:\/\/spiral-habitat.ch\/index.php?rest_route=\/wp\/v2\/pages"}],"about":[{"href":"https:\/\/spiral-habitat.ch\/index.php?rest_route=\/wp\/v2\/types\/page"}],"author":[{"embeddable":true,"href":"https:\/\/spiral-habitat.ch\/index.php?rest_route=\/wp\/v2\/users\/1"}],"replies":[{"embeddable":true,"href":"https:\/\/spiral-habitat.ch\/index.php?rest_route=%2Fwp%2Fv2%2Fcomments&post=6"}],"version-history":[{"count":56,"href":"https:\/\/spiral-habitat.ch\/index.php?rest_route=\/wp\/v2\/pages\/6\/revisions"}],"predecessor-version":[{"id":723,"href":"https:\/\/spiral-habitat.ch\/index.php?rest_route=\/wp\/v2\/pages\/6\/revisions\/723"}],"wp:attachment":[{"href":"https:\/\/spiral-habitat.ch\/index.php?rest_route=%2Fwp%2Fv2%2Fmedia&parent=6"}],"curies":[{"name":"wp","href":"https:\/\/api.w.org\/{rel}","templated":true}]}}